{"id":888,"date":"2019-03-05T13:30:31","date_gmt":"2019-03-05T12:30:31","guid":{"rendered":"https:\/\/bogenschiessen.erlebniswelt-kahlenberg.at\/?page_id=888"},"modified":"2025-08-29T12:19:02","modified_gmt":"2025-08-29T10:19:02","slug":"parcoursinformation","status":"publish","type":"page","link":"https:\/\/bogenschiessen.erlebniswelt-kahlenberg.at\/en_us\/parcoursinformation\/","title":{"rendered":"course information"},"content":{"rendered":"\t\t<div data-elementor-type=\"wp-post\" data-elementor-id=\"888\" class=\"elementor elementor-888\" data-elementor-post-type=\"page\">\n\t\t\t\t\t\t<section class=\"elementor-section elementor-top-section elementor-element elementor-element-d4bfe57 elementor-section-height-min-height elementor-section-content-middle elementor-section-boxed elementor-section-height-default elementor-section-items-middle\" data-id=\"d4bfe57\" data-element_type=\"section\" data-e-type=\"section\" data-settings=\"{&quot;background_background&quot;:&quot;slideshow&quot;,&quot;shape_divider_bottom&quot;:&quot;mountains&quot;,&quot;background_slideshow_gallery&quot;:[{&quot;id&quot;:2735,&quot;url&quot;:&quot;https:\\\/\\\/bogenschiessen.erlebniswelt-kahlenberg.at\\\/wp-content\\\/uploads\\\/2021\\\/09\\\/Waldseilpark11-\\u00a9Wolfgang-Muhr-scaled.jpg&quot;},{&quot;id&quot;:1446,&quot;url&quot;:&quot;https:\\\/\\\/bogenschiessen.erlebniswelt-kahlenberg.at\\\/wp-content\\\/uploads\\\/2019\\\/08\\\/05256972-1d7d-46a4-917e-5e340d8bb520.jpg&quot;},{&quot;id&quot;:1404,&quot;url&quot;:&quot;https:\\\/\\\/bogenschiessen.erlebniswelt-kahlenberg.at\\\/wp-content\\\/uploads\\\/2019\\\/05\\\/video_thumb.jpg&quot;}],&quot;background_slideshow_ken_burns&quot;:&quot;yes&quot;,&quot;background_slideshow_loop&quot;:&quot;yes&quot;,&quot;background_slideshow_slide_duration&quot;:5000,&quot;background_slideshow_slide_transition&quot;:&quot;fade&quot;,&quot;background_slideshow_transition_duration&quot;:500,&quot;background_slideshow_ken_burns_zoom_direction&quot;:&quot;in&quot;}\">\n\t\t\t\t\t\t\t<div class=\"elementor-background-overlay\"><\/div>\n\t\t\t\t\t\t<div class=\"elementor-shape elementor-shape-bottom\" aria-hidden=\"true\" data-negative=\"false\">\n\t\t\t<svg xmlns=\"http:\/\/www.w3.org\/2000\/svg\" viewBox=\"0 0 1000 100\" preserveAspectRatio=\"none\">\n\t<path class=\"elementor-shape-fill\" opacity=\"0.33\" d=\"M473,67.3c-203.9,88.3-263.1-34-320.3,0C66,119.1,0,59.7,0,59.7V0h1000v59.7 c0,0-62.1,26.1-94.9,29.3c-32.8,3.3-62.8-12.3-75.8-22.1C806,49.6,745.3,8.7,694.9,4.7S492.4,59,473,67.3z\"\/>\n\t<path class=\"elementor-shape-fill\" opacity=\"0.66\" d=\"M734,67.3c-45.5,0-77.2-23.2-129.1-39.1c-28.6-8.7-150.3-10.1-254,39.1 s-91.7-34.4-149.2,0C115.7,118.3,0,39.8,0,39.8V0h1000v36.5c0,0-28.2-18.5-92.1-18.5C810.2,18.1,775.7,67.3,734,67.3z\"\/>\n\t<path class=\"elementor-shape-fill\" d=\"M766.1,28.9c-200-57.5-266,65.5-395.1,19.5C242,1.8,242,5.4,184.8,20.6C128,35.8,132.3,44.9,89.9,52.5C28.6,63.7,0,0,0,0 h1000c0,0-9.9,40.9-83.6,48.1S829.6,47,766.1,28.9z\"\/>\n<\/svg>\t\t<\/div>\n\t\t\t\t\t<div class=\"elementor-container elementor-column-gap-default\">\n\t\t\t\t\t<div class=\"elementor-column elementor-col-100 elementor-top-column elementor-element elementor-element-90c5ec6\" data-id=\"90c5ec6\" data-element_type=\"column\" data-e-type=\"column\">\n\t\t\t<div class=\"elementor-widget-wrap\">\n\t\t\t\t\t\t\t<\/div>\n\t\t<\/div>\n\t\t\t\t\t<\/div>\n\t\t<\/section>\n\t\t\t\t<section class=\"elementor-section elementor-top-section elementor-element elementor-element-6419650 elementor-section-boxed elementor-section-height-default elementor-section-height-default\" data-id=\"6419650\" data-element_type=\"section\" data-e-type=\"section\">\n\t\t\t\t\t\t<div class=\"elementor-container elementor-column-gap-default\">\n\t\t\t\t\t<div class=\"elementor-column elementor-col-100 elementor-top-column elementor-element elementor-element-c4f483e\" data-id=\"c4f483e\" data-element_type=\"column\" data-e-type=\"column\">\n\t\t\t<div class=\"elementor-widget-wrap elementor-element-populated\">\n\t\t\t\t\t\t<div class=\"elementor-element elementor-element-0092334 elementor-widget elementor-widget-heading\" data-id=\"0092334\" data-element_type=\"widget\" data-e-type=\"widget\" data-widget_type=\"heading.default\">\n\t\t\t\t<div class=\"elementor-widget-container\">\n\t\t\t\t\t<h2 class=\"elementor-heading-title elementor-size-default\">Parcoursinformation<\/h2>\t\t\t\t<\/div>\n\t\t\t\t<\/div>\n\t\t\t\t\t<\/div>\n\t\t<\/div>\n\t\t\t\t\t<\/div>\n\t\t<\/section>\n\t\t\t\t<section class=\"elementor-section elementor-top-section elementor-element elementor-element-bd498a2 elementor-section-full_width elementor-section-height-default elementor-section-height-default\" data-id=\"bd498a2\" data-element_type=\"section\" data-e-type=\"section\">\n\t\t\t\t\t\t<div class=\"elementor-container elementor-column-gap-default\">\n\t\t\t\t\t<div class=\"elementor-column elementor-col-100 elementor-top-column elementor-element elementor-element-6858460\" data-id=\"6858460\" data-element_type=\"column\" data-e-type=\"column\" data-settings=\"{&quot;background_background&quot;:&quot;classic&quot;}\">\n\t\t\t<div class=\"elementor-widget-wrap elementor-element-populated\">\n\t\t\t\t\t\t<div class=\"elementor-element elementor-element-141a890 elementor-widget elementor-widget-image\" data-id=\"141a890\" data-element_type=\"widget\" data-e-type=\"widget\" data-widget_type=\"image.default\">\n\t\t\t\t<div class=\"elementor-widget-container\">\n\t\t\t\t\t\t\t\t\t\t\t\t\t\t\t<img fetchpriority=\"high\" decoding=\"async\" width=\"2560\" height=\"1810\" src=\"https:\/\/bogenschiessen.erlebniswelt-kahlenberg.at\/wp-content\/uploads\/2025\/07\/plan-1-scaled.jpg\" class=\"attachment-full size-full wp-image-7398\" alt=\"\" srcset=\"https:\/\/bogenschiessen.erlebniswelt-kahlenberg.at\/wp-content\/uploads\/2025\/07\/plan-1-scaled.jpg 2560w, https:\/\/bogenschiessen.erlebniswelt-kahlenberg.at\/wp-content\/uploads\/2025\/07\/plan-1-300x212.jpg 300w, https:\/\/bogenschiessen.erlebniswelt-kahlenberg.at\/wp-content\/uploads\/2025\/07\/plan-1-1030x728.jpg 1030w, https:\/\/bogenschiessen.erlebniswelt-kahlenberg.at\/wp-content\/uploads\/2025\/07\/plan-1-768x543.jpg 768w, https:\/\/bogenschiessen.erlebniswelt-kahlenberg.at\/wp-content\/uploads\/2025\/07\/plan-1-1536x1086.jpg 1536w, https:\/\/bogenschiessen.erlebniswelt-kahlenberg.at\/wp-content\/uploads\/2025\/07\/plan-1-2048x1448.jpg 2048w, https:\/\/bogenschiessen.erlebniswelt-kahlenberg.at\/wp-content\/uploads\/2025\/07\/plan-1-18x12.jpg 18w\" sizes=\"(max-width: 2560px) 100vw, 2560px\" \/>\t\t\t\t\t\t\t\t\t\t\t\t\t\t\t<\/div>\n\t\t\t\t<\/div>\n\t\t\t\t\t<\/div>\n\t\t<\/div>\n\t\t\t\t\t<\/div>\n\t\t<\/section>\n\t\t\t\t<section class=\"elementor-section elementor-top-section elementor-element elementor-element-a8bb003 elementor-section-boxed elementor-section-height-default elementor-section-height-default\" data-id=\"a8bb003\" data-element_type=\"section\" data-e-type=\"section\">\n\t\t\t\t\t\t<div class=\"elementor-container elementor-column-gap-default\">\n\t\t\t\t\t<div class=\"elementor-column elementor-col-50 elementor-top-column elementor-element elementor-element-c6adf78\" data-id=\"c6adf78\" data-element_type=\"column\" data-e-type=\"column\" data-settings=\"{&quot;background_background&quot;:&quot;classic&quot;}\">\n\t\t\t<div class=\"elementor-widget-wrap elementor-element-populated\">\n\t\t\t\t\t\t<div class=\"elementor-element elementor-element-f4652f3 elementor-widget elementor-widget-spacer\" data-id=\"f4652f3\" data-element_type=\"widget\" data-e-type=\"widget\" data-widget_type=\"spacer.default\">\n\t\t\t\t<div class=\"elementor-widget-container\">\n\t\t\t\t\t\t\t<div class=\"elementor-spacer\">\n\t\t\t<div class=\"elementor-spacer-inner\"><\/div>\n\t\t<\/div>\n\t\t\t\t\t\t<\/div>\n\t\t\t\t<\/div>\n\t\t\t\t\t<\/div>\n\t\t<\/div>\n\t\t\t\t<div class=\"elementor-column elementor-col-50 elementor-top-column elementor-element elementor-element-2a2dee3\" data-id=\"2a2dee3\" data-element_type=\"column\" data-e-type=\"column\" data-settings=\"{&quot;background_background&quot;:&quot;classic&quot;}\">\n\t\t\t<div class=\"elementor-widget-wrap elementor-element-populated\">\n\t\t\t\t\t\t<div class=\"elementor-element elementor-element-6153597 elementor-widget elementor-widget-heading\" data-id=\"6153597\" data-element_type=\"widget\" data-e-type=\"widget\" data-widget_type=\"heading.default\">\n\t\t\t\t<div class=\"elementor-widget-container\">\n\t\t\t\t\t<h2 class=\"elementor-heading-title elementor-size-default\">Unsere 3D-Hindernisse<\/h2>\t\t\t\t<\/div>\n\t\t\t\t<\/div>\n\t\t\t\t<div class=\"elementor-element elementor-element-eaa1176 elementor-widget elementor-widget-text-editor\" data-id=\"eaa1176\" data-element_type=\"widget\" data-e-type=\"widget\" data-widget_type=\"text-editor.default\">\n\t\t\t\t<div class=\"elementor-widget-container\">\n\t\t\t\t\t\t\t\t\t<p>Unsere 3D-Bogenparcours befinden sich auf markierten Wegen durch den Wald, an denen unsere 3D-Hindernisse zu finden sind.<\/p>\n<p>Die 3D-Hindernisse sind Nachbildungen von Wildtieren aus Kunststoff, die sich in verschiedenen Entfernungen vom Abschussplatz befinden.<\/p>\n<p><strong>Erlaubt sind B\u00f6gen bis max. 70 Pfund, da dar\u00fcber hinaus die Hindernisse stark besch\u00e4digt werden!<\/strong><\/p>\t\t\t\t\t\t\t\t<\/div>\n\t\t\t\t<\/div>\n\t\t\t\t\t<\/div>\n\t\t<\/div>\n\t\t\t\t\t<\/div>\n\t\t<\/section>\n\t\t\t\t<section class=\"elementor-section elementor-top-section elementor-element elementor-element-ec3912e elementor-section-content-middle elementor-section-boxed elementor-section-height-default elementor-section-height-default\" data-id=\"ec3912e\" data-element_type=\"section\" data-e-type=\"section\">\n\t\t\t\t\t\t<div class=\"elementor-container elementor-column-gap-wider\">\n\t\t\t\t\t<div class=\"elementor-column elementor-col-100 elementor-top-column elementor-element elementor-element-9adce2d\" data-id=\"9adce2d\" data-element_type=\"column\" data-e-type=\"column\" data-settings=\"{&quot;background_background&quot;:&quot;classic&quot;}\">\n\t\t\t<div class=\"elementor-widget-wrap elementor-element-populated\">\n\t\t\t\t\t\t<div class=\"elementor-element elementor-element-10c709c elementor-widget elementor-widget-heading\" data-id=\"10c709c\" data-element_type=\"widget\" data-e-type=\"widget\" data-widget_type=\"heading.default\">\n\t\t\t\t<div class=\"elementor-widget-container\">\n\t\t\t\t\t<h2 class=\"elementor-heading-title elementor-size-default\">Achtung!<\/h2>\t\t\t\t<\/div>\n\t\t\t\t<\/div>\n\t\t\t\t<div class=\"elementor-element elementor-element-68203d7 elementor-widget elementor-widget-text-editor\" data-id=\"68203d7\" data-element_type=\"widget\" data-e-type=\"widget\" data-widget_type=\"text-editor.default\">\n\t\t\t\t<div class=\"elementor-widget-container\">\n\t\t\t\t\t\t\t\t\t<p>Bei Schlechtwetter findet kein Betrieb statt. Das Benutzen der Anlage ist nur mit g\u00fcltiger Tageskarte erlaubt. Jeder Sch\u00fctze muss mit seiner Unterschrift unseren PARCOURSREGELN zustimmen.<\/p><p>Je nach Witterungsbedingungen k\u00f6nnen einige Passagen extrem glatt und rutschig sein. Festes (geeignetes) Schuhwerk wird vorausgesetzt.<\/p><p>Kein Winterdienst, das Betreten der Anlage erfolgt auf eigene Verantwortung.<\/p><p>Bei Schnee oder \u00fcberfrierender Gl\u00e4tte wird vom Begehen der Parcours abgeraten.<\/p><p>Parcours bei Schneelast auf den B\u00e4umen nicht betreten (Gefahr von Schneebruch)!<\/p>\t\t\t\t\t\t\t\t<\/div>\n\t\t\t\t<\/div>\n\t\t\t\t\t<\/div>\n\t\t<\/div>\n\t\t\t\t\t<\/div>\n\t\t<\/section>\n\t\t\t\t<section class=\"elementor-section elementor-top-section elementor-element elementor-element-50c4111 elementor-section-boxed elementor-section-height-default elementor-section-height-default\" data-id=\"50c4111\" data-element_type=\"section\" data-e-type=\"section\">\n\t\t\t\t\t\t<div class=\"elementor-container elementor-column-gap-default\">\n\t\t\t\t\t<div class=\"elementor-column elementor-col-100 elementor-top-column elementor-element elementor-element-d89bb04\" data-id=\"d89bb04\" data-element_type=\"column\" data-e-type=\"column\">\n\t\t\t<div class=\"elementor-widget-wrap elementor-element-populated\">\n\t\t\t\t\t\t<div class=\"elementor-element elementor-element-4ddf571 elementor-widget elementor-widget-gallery\" data-id=\"4ddf571\" data-element_type=\"widget\" data-e-type=\"widget\" data-settings=\"{&quot;columns&quot;:3,&quot;columns_tablet&quot;:3,&quot;gap&quot;:{&quot;unit&quot;:&quot;px&quot;,&quot;size&quot;:20,&quot;sizes&quot;:[]},&quot;image_hover_animation&quot;:&quot;grow&quot;,&quot;aspect_ratio&quot;:&quot;4:3&quot;,&quot;lazyload&quot;:&quot;yes&quot;,&quot;gallery_layout&quot;:&quot;grid&quot;,&quot;columns_mobile&quot;:1,&quot;gap_tablet&quot;:{&quot;unit&quot;:&quot;px&quot;,&quot;size&quot;:10,&quot;sizes&quot;:[]},&quot;gap_mobile&quot;:{&quot;unit&quot;:&quot;px&quot;,&quot;size&quot;:10,&quot;sizes&quot;:[]},&quot;content_hover_animation&quot;:&quot;fade-in&quot;}\" data-widget_type=\"gallery.default\">\n\t\t\t\t<div class=\"elementor-widget-container\">\n\t\t\t\t\t\t\t<div class=\"elementor-gallery__container\">\r\n\t\t\t\t\t\t\t<div class=\"e-gallery-item elementor-gallery-item elementor-animated-content\">\r\n\t\t\t\t\t<div class=\"e-gallery-image elementor-gallery-item__image\" data-thumbnail=\"https:\/\/bogenschiessen.erlebniswelt-kahlenberg.at\/wp-content\/uploads\/2019\/05\/pic_4.jpg\" data-width=\"1200\" data-height=\"1600\" aria-label=\"Bogenschie\u00dfen Wien Bogenschie\u00dfen Kahlenberg 3D Bogensportpark Kahlenberg Bogensportpark Wien\" role=\"img\" ><\/div>\r\n\t\t\t\t\t\t\t\t\t\t\t\t\t\t<\/div>\r\n\t\t\t\t\t\t\t<div class=\"e-gallery-item elementor-gallery-item elementor-animated-content\">\r\n\t\t\t\t\t<div class=\"e-gallery-image elementor-gallery-item__image\" data-thumbnail=\"https:\/\/bogenschiessen.erlebniswelt-kahlenberg.at\/wp-content\/uploads\/2021\/09\/Waldseilpark11-\u00a9Wolfgang-Muhr-scaled.jpg\" data-width=\"2560\" data-height=\"1707\" aria-label=\"\" role=\"img\" ><\/div>\r\n\t\t\t\t\t\t\t\t\t\t\t\t\t\t<\/div>\r\n\t\t\t\t\t\t\t<div class=\"e-gallery-item elementor-gallery-item elementor-animated-content\">\r\n\t\t\t\t\t<div class=\"e-gallery-image elementor-gallery-item__image\" data-thumbnail=\"https:\/\/bogenschiessen.erlebniswelt-kahlenberg.at\/wp-content\/uploads\/2021\/08\/IMG_5707.jpg\" data-width=\"1500\" data-height=\"676\" aria-label=\"\" role=\"img\" ><\/div>\r\n\t\t\t\t\t\t\t\t\t\t\t\t\t\t<\/div>\r\n\t\t\t\t\t<\/div>\r\n\t\t\t\t\t<\/div>\n\t\t\t\t<\/div>\n\t\t\t\t\t<\/div>\n\t\t<\/div>\n\t\t\t\t\t<\/div>\n\t\t<\/section>\n\t\t\t\t<\/div>\n\t\t","protected":false},"excerpt":{"rendered":"<p>Parcoursinformation Unsere 3D-Hindernisse Unsere 3D-Bogenparcours befinden sich auf markierten Wegen durch den Wald, an denen unsere 3D-Hindernisse zu finden sind. Die 3D-Hindernisse sind Nachbildungen von Wildtieren aus Kunststoff, die sich in verschiedenen Entfernungen vom Abschussplatz befinden. Erlaubt sind B\u00f6gen bis max. 70 Pfund, da dar\u00fcber hinaus die Hindernisse stark besch\u00e4digt werden! Achtung! Bei Schlechtwetter findet [&hellip;]<\/p>\n","protected":false},"author":1,"featured_media":0,"parent":0,"menu_order":0,"comment_status":"closed","ping_status":"closed","template":"","meta":{"footnotes":""},"class_list":["post-888","page","type-page","status-publish","hentry"],"_links":{"self":[{"href":"https:\/\/bogenschiessen.erlebniswelt-kahlenberg.at\/en_us\/wp-json\/wp\/v2\/pages\/888","targetHints":{"allow":["GET"]}}],"collection":[{"href":"https:\/\/bogenschiessen.erlebniswelt-kahlenberg.at\/en_us\/wp-json\/wp\/v2\/pages"}],"about":[{"href":"https:\/\/bogenschiessen.erlebniswelt-kahlenberg.at\/en_us\/wp-json\/wp\/v2\/types\/page"}],"author":[{"embeddable":true,"href":"https:\/\/bogenschiessen.erlebniswelt-kahlenberg.at\/en_us\/wp-json\/wp\/v2\/users\/1"}],"replies":[{"embeddable":true,"href":"https:\/\/bogenschiessen.erlebniswelt-kahlenberg.at\/en_us\/wp-json\/wp\/v2\/comments?post=888"}],"version-history":[{"count":0,"href":"https:\/\/bogenschiessen.erlebniswelt-kahlenberg.at\/en_us\/wp-json\/wp\/v2\/pages\/888\/revisions"}],"wp:attachment":[{"href":"https:\/\/bogenschiessen.erlebniswelt-kahlenberg.at\/en_us\/wp-json\/wp\/v2\/media?parent=888"}],"curies":[{"name":"wp","href":"https:\/\/api.w.org\/{rel}","templated":true}]}}